{"id":11,"date":"2018-10-03T20:03:43","date_gmt":"2018-10-03T18:03:43","guid":{"rendered":"https:\/\/revolution-in-bremen.de\/?page_id=11"},"modified":"2018-10-24T19:57:47","modified_gmt":"2018-10-24T17:57:47","slug":"ueber-mich","status":"publish","type":"page","link":"https:\/\/revolution-in-bremen.de\/?page_id=11","title":{"rendered":"Ablauf der Demonstration am 15. November"},"content":{"rendered":"<p>(Alle Zeiten noch vorl\u00e4ufig)<\/p>\n<p><strong>16:30 <\/strong><br \/>\nSammeln am Leibnitzplatz (Zentaurenbrunnen)<br \/>\nRedebeitr\u00e4ge:<br \/>\nKrieg und Frieden vor 100 Jahren und heute (Initiative Nordbremer B\u00fcrger gegen den Krieg)<br \/>\nSchulreform 1918 und Bildungspolitik heute (GSV &#8211; angefragt)<\/p>\n<p><strong>17:00<br \/>\n<\/strong>Zwischenkundgebung beim Rotes Kreuz Krankenhaus<br \/>\nRedebeitrag:<br \/>\nDer Kampf um eine angemessene Gesundheitsversorgung (Bremer B\u00fcndnis f\u00fcr mehr Personal im Krankenhaus)<\/p>\n<p><strong>17:15<\/strong><\/p>\n<p>Zwischenkundgebung an der Wilhelm-Kaisen-Br\u00fccke<br \/>\nRedebeitrag:<br \/>\nVerteidigung von R\u00e4umen 1918 und heute (Klimaaktivist*innen im Hambacher Forst &#8211; angefragt)<\/p>\n<p><strong>17:30<br \/>\n<\/strong>Zwischenkundgebung beim Haus der Wissenschaft<br \/>\nRedebeitrag:<br \/>\nKampf um Tarifvertr\u00e4ge\u00a0 (Vertreter von TVStud\/ver.di-Jugend\/GEW)<\/p>\n<p><strong>17:45<br \/>\n<\/strong>Zwischenkundgebung bei der Bremer Landesbank<br \/>\nRedebeitrag:<br \/>\nFinanzmarkt, Kapitalismus und Haushaltspolitik heute<\/p>\n<p><strong>18:00<br \/>\n<\/strong>Abschlusskundgebung am Marktplatz<br \/>\nRedebeitr\u00e4ge:<br \/>\nCornelia Barth (Landessprecherin DIE LINKE),\u00a0Dr. Ulrich Schneider<br \/>\n(Generalsekret\u00e4r der F\u00e9d\u00e9ration Internationale des R\u00e9sistants FIR)<\/p>\n","protected":false},"excerpt":{"rendered":"<p>(Alle Zeiten noch vorl\u00e4ufig) 16:30 Sammeln am Leibnitzplatz (Zentaurenbrunnen) Redebeitr\u00e4ge: Krieg und Frieden vor 100 Jahren und heute (Initiative Nordbremer B\u00fcrger gegen den Krieg) Schulreform 1918 und Bildungspolitik heute (GSV &#8211; angefragt) 17:00 Zwischenkundgebung beim Rotes Kreuz Krankenhaus Redebeitrag: Der Kampf um eine angemessene Gesundheitsversorgung (Bremer B\u00fcndnis f\u00fcr mehr Personal im Krankenhaus) 17:15 Zwischenkundgebung an &hellip; <\/p>\n<p class=\"link-more\"><a href=\"https:\/\/revolution-in-bremen.de\/?page_id=11\" class=\"more-link\"><span class=\"screen-reader-text\">&#8222;Ablauf der Demonstration am 15. November&#8220;<\/span> weiterlesen<\/a><\/p>\n","protected":false},"author":1,"featured_media":59,"parent":0,"menu_order":0,"comment_status":"closed","ping_status":"closed","template":"","meta":[],"_links":{"self":[{"href":"https:\/\/revolution-in-bremen.de\/index.php?rest_route=\/wp\/v2\/pages\/11"}],"collection":[{"href":"https:\/\/revolution-in-bremen.de\/index.php?rest_route=\/wp\/v2\/pages"}],"about":[{"href":"https:\/\/revolution-in-bremen.de\/index.php?rest_route=\/wp\/v2\/types\/page"}],"author":[{"embeddable":true,"href":"https:\/\/revolution-in-bremen.de\/index.php?rest_route=\/wp\/v2\/users\/1"}],"replies":[{"embeddable":true,"href":"https:\/\/revolution-in-bremen.de\/index.php?rest_route=%2Fwp%2Fv2%2Fcomments&post=11"}],"version-history":[{"count":9,"href":"https:\/\/revolution-in-bremen.de\/index.php?rest_route=\/wp\/v2\/pages\/11\/revisions"}],"predecessor-version":[{"id":102,"href":"https:\/\/revolution-in-bremen.de\/index.php?rest_route=\/wp\/v2\/pages\/11\/revisions\/102"}],"wp:featuredmedia":[{"embeddable":true,"href":"https:\/\/revolution-in-bremen.de\/index.php?rest_route=\/wp\/v2\/media\/59"}],"wp:attachment":[{"href":"https:\/\/revolution-in-bremen.de\/index.php?rest_route=%2Fwp%2Fv2%2Fmedia&parent=11"}],"curies":[{"name":"wp","href":"https:\/\/api.w.org\/{rel}","templated":true}]}}